{"id":71,"date":"2024-08-10T11:27:21","date_gmt":"2024-08-10T16:27:21","guid":{"rendered":"https:\/\/financecomposee.com\/?page_id=71"},"modified":"2024-09-03T16:18:32","modified_gmt":"2024-09-03T21:18:32","slug":"politique-de-confidentialite","status":"publish","type":"page","link":"https:\/\/financecomposee.com\/fr-ca\/politique-de-confidentialite\/","title":{"rendered":"Politique de confidentialit\u00e9"},"content":{"rendered":"\t\t<div data-elementor-type=\"wp-page\" data-elementor-id=\"71\" class=\"elementor elementor-71\" data-elementor-post-type=\"page\">\n\t\t\t\t<div class=\"elementor-element elementor-element-5cc1eaf2 e-flex e-con-boxed e-con e-parent\" data-id=\"5cc1eaf2\" data-element_type=\"container\" data-e-type=\"container\" data-settings=\"{&quot;background_background&quot;:&quot;classic&quot;}\">\n\t\t\t\t\t<div class=\"e-con-inner\">\n\t\t\t\t<div class=\"elementor-element elementor-element-75b29128 elementor-widget elementor-widget-heading\" data-id=\"75b29128\" data-element_type=\"widget\" data-e-type=\"widget\" data-widget_type=\"heading.default\">\n\t\t\t\t<div class=\"elementor-widget-container\">\n\t\t\t\t\t<div class=\"elementor-heading-title elementor-size-default\">Derni\u00e8re mise \u00e0 jour le 12 ao\u00fbt 2024<\/div>\t\t\t\t<\/div>\n\t\t\t\t<\/div>\n\t\t\t\t<div class=\"elementor-element elementor-element-75a85574 elementor-widget__width-initial elementor-widget elementor-widget-heading\" data-id=\"75a85574\" data-element_type=\"widget\" data-e-type=\"widget\" data-widget_type=\"heading.default\">\n\t\t\t\t<div class=\"elementor-widget-container\">\n\t\t\t\t\t<h1 class=\"elementor-heading-title elementor-size-default\">Politique de confidentialit\u00e9<\/h1>\t\t\t\t<\/div>\n\t\t\t\t<\/div>\n\t\t\t\t\t<\/div>\n\t\t\t\t<\/div>\n\t\t<div class=\"elementor-element elementor-element-15836042 e-flex e-con-boxed e-con e-parent\" data-id=\"15836042\" data-element_type=\"container\" data-e-type=\"container\">\n\t\t\t\t\t<div class=\"e-con-inner\">\n\t\t\t\t<div class=\"elementor-element elementor-element-44723706 elementor-widget elementor-widget-text-editor\" data-id=\"44723706\" data-element_type=\"widget\" data-e-type=\"widget\" data-widget_type=\"text-editor.default\">\n\t\t\t\t<div class=\"elementor-widget-container\">\n\t\t\t\t\t\t\t\t\t<p><span style=\"color: var( --e-global-color-07d50b6 ); font-family: var( --e-global-typography-2be1ff5-font-family ), Sans-serif; font-size: var( --e-global-typography-2be1ff5-font-size ); font-weight: var( --e-global-typography-2be1ff5-font-weight ); letter-spacing: var( --e-global-typography-2be1ff5-letter-spacing ); word-spacing: var( --e-global-typography-2be1ff5-word-spacing ); text-align: var(--text-align); background-color: var( --e-global-color-7e3d5c9 );\">Bienvenue sur www.financecomposee.com<\/span><\/p><p>La protection de vos donn\u00e9es personnelles est une priorit\u00e9 pour nous. Cette politique de confidentialit\u00e9 explique comment nous recueillons, utilisons, divulguons et prot\u00e9geons vos informations lorsque vous visitez notre site web. En utilisant ce site, vous acceptez les pratiques d\u00e9crites dans cette politique.<\/p><p><b>1. Collecte d&rsquo;Informations Personnelles<\/b><\/p><p>Nous pouvons collecter certaines informations personnelles vous concernant lorsque vous utilisez notre site web et lorsque vous remplissez un formulaire de contact ou de soumission, y compris votre nom,votre adresse e-mail, votre adresse IP, vos pr\u00e9f\u00e9rences de navigation, et d&rsquo;autres informations similaires.<\/p><p><b>2. Utilisation des Informations Collect\u00e9es<\/b><\/p><p>Les informations que nous collectons peuvent \u00eatre utilis\u00e9es pour : Personnaliser votre exp\u00e9rience sur notre site web. Am\u00e9liorer notre site web et nos services en fonction de vos retours.Vous envoyer des e-mails concernant vos demandes d&rsquo;informations concernant nos services et promotions.<\/p><p><b>3. Partage d&rsquo;Informations Personnelles<\/b><\/p><p>Nous ne vendons, ne louons ni ne partageons vos informations personnelles avec des tiers, sauf dans les cas suivants : Si cela est n\u00e9cessaire pour fournir un service que vous avez demand\u00e9 (pour une demande de soumission). Si nous y sommes l\u00e9galement tenus par une autorit\u00e9 comp\u00e9tente.Si nous estimons de bonne foi que cela est n\u00e9cessaire pour prot\u00e9ger nos droits, votre s\u00e9curit\u00e9 ou la s\u00e9curit\u00e9 d&rsquo;autrui.<\/p><p><b>4. Cookies et Technologies Similaires<\/b><\/p><p>Nous utilisons des cookies et d&rsquo;autres technologies similaires pour recueillir des informations\u00a0<span style=\"color: var( --e-global-color-07d50b6 ); font-family: var( --e-global-typography-2be1ff5-font-family ), Sans-serif; font-size: var( --e-global-typography-2be1ff5-font-size ); font-weight: var( --e-global-typography-2be1ff5-font-weight ); letter-spacing: var( --e-global-typography-2be1ff5-letter-spacing ); word-spacing: var( --e-global-typography-2be1ff5-word-spacing ); text-align: var(--text-align); background-color: var( --e-global-color-7e3d5c9 );\">sur vos interactions avec notre site web. Vous pouvez param\u00e9trer votre navigateur pour\u00a0<\/span><span style=\"color: var( --e-global-color-07d50b6 ); font-family: var( --e-global-typography-2be1ff5-font-family ), Sans-serif; font-size: var( --e-global-typography-2be1ff5-font-size ); font-weight: var( --e-global-typography-2be1ff5-font-weight ); letter-spacing: var( --e-global-typography-2be1ff5-letter-spacing ); word-spacing: var( --e-global-typography-2be1ff5-word-spacing ); text-align: var(--text-align); background-color: var( --e-global-color-7e3d5c9 );\">d\u00e9sactiver les cookies,mais cela pourrait affecter certaines fonctionnalit\u00e9s du site.<\/span><\/p><p><b>5. S\u00e9curit\u00e9 des Donn\u00e9es<\/b><\/p><p>Nous prenons des mesures de s\u00e9curit\u00e9 pour prot\u00e9ger vos informations personnelles contre l&rsquo;acc\u00e8s non autoris\u00e9, la divulgation ou la destruction.<\/p><p><b>6. Liens Vers des Sites Tiers<\/b><\/p><p>Notre site web peut contenir des liens vers des sites tiers. Nous ne sommes pas responsables des pratiques de confidentialit\u00e9 de ces sites et vous encourageons \u00e0 consulter leurs politiques de confidentialit\u00e9.<\/p><p><b>7. Droits en Mati\u00e8re de Confidentialit\u00e9<\/b><\/p><p>Vous avez le droit d&rsquo;acc\u00e9der \u00e0 vos informations personnelles, de les corriger, de les supprimer ou de vous opposer \u00e0 leur utilisation. Pour exercer ces droits, veuillez nous contacter par courriel notre responsable Jonathan Beaulieu\/ 514 949 6188 \/ jonathan.beaulieu@agc.ia.ca<\/p><p><b style=\"color: var( --e-global-color-07d50b6 ); font-family: var( --e-global-typography-2be1ff5-font-family ), Sans-serif; font-size: var( --e-global-typography-2be1ff5-font-size ); letter-spacing: var( --e-global-typography-2be1ff5-letter-spacing ); word-spacing: var( --e-global-typography-2be1ff5-word-spacing ); text-align: var(--text-align); background-color: var( --e-global-color-7e3d5c9 );\">8. Modifications de la Politique de Confidentialit\u00e9<\/b><\/p><p>Nous nous r\u00e9servons le droit de modifier cette politique de confidentialit\u00e9 \u00e0 tout moment. La date de la derni\u00e8re mise \u00e0 jour sera indiqu\u00e9e en haut de la page. En utilisant notre site web, vous acceptez cette politique de confidentialit\u00e9. Si vous avez des questions<br \/>concernant cette politique, veuillez contacter par courriel notre responsable Jonathan Beaulieu\/ 514 949 6188 \/ jonathan.beaulieu@agc.ia.ca<\/p>\t\t\t\t\t\t\t\t<\/div>\n\t\t\t\t<\/div>\n\t\t\t\t\t<\/div>\n\t\t\t\t<\/div>\n\t\t\t\t<\/div>\n\t\t","protected":false},"excerpt":{"rendered":"<p>Derni\u00e8re mise \u00e0 jour le 12 ao\u00fbt 2024 Politique de confidentialit\u00e9 Bienvenue sur www.financecomposee.com La protection de vos donn\u00e9es personnelles est une priorit\u00e9 pour nous. Cette politique de confidentialit\u00e9 explique comment nous recueillons, utilisons, divulguons et prot\u00e9geons vos informations lorsque vous visitez notre site web. En utilisant ce site, vous acceptez les pratiques d\u00e9crites dans [&hellip;]<\/p>\n","protected":false},"author":1,"featured_media":0,"parent":0,"menu_order":0,"comment_status":"closed","ping_status":"closed","template":"","meta":{"_acf_changed":false,"inline_featured_image":false,"footnotes":""},"class_list":["post-71","page","type-page","status-publish","hentry"],"acf":[],"_links":{"self":[{"href":"https:\/\/financecomposee.com\/fr-ca\/wp-json\/wp\/v2\/pages\/71","targetHints":{"allow":["GET"]}}],"collection":[{"href":"https:\/\/financecomposee.com\/fr-ca\/wp-json\/wp\/v2\/pages"}],"about":[{"href":"https:\/\/financecomposee.com\/fr-ca\/wp-json\/wp\/v2\/types\/page"}],"author":[{"embeddable":true,"href":"https:\/\/financecomposee.com\/fr-ca\/wp-json\/wp\/v2\/users\/1"}],"replies":[{"embeddable":true,"href":"https:\/\/financecomposee.com\/fr-ca\/wp-json\/wp\/v2\/comments?post=71"}],"version-history":[{"count":0,"href":"https:\/\/financecomposee.com\/fr-ca\/wp-json\/wp\/v2\/pages\/71\/revisions"}],"wp:attachment":[{"href":"https:\/\/financecomposee.com\/fr-ca\/wp-json\/wp\/v2\/media?parent=71"}],"curies":[{"name":"wp","href":"https:\/\/api.w.org\/{rel}","templated":true}]}}